{"id":16157,"date":"2014-03-28T10:11:36","date_gmt":"2014-03-28T10:11:36","guid":{"rendered":"https:\/\/www.sunalle.it\/home\/"},"modified":"2021-10-19T10:05:48","modified_gmt":"2021-10-19T08:05:48","slug":"home","status":"publish","type":"page","link":"https:\/\/www.sunalle.it\/fr\/","title":{"rendered":"Home"},"content":{"rendered":"<p>[vc_row css_animation=\u00a0\u00bb\u00a0\u00bb row_type=\u00a0\u00bbrow\u00a0\u00bb use_row_as_full_screen_section=\u00a0\u00bbno\u00a0\u00bb type=\u00a0\u00bbfull_width\u00a0\u00bb angled_section=\u00a0\u00bbno\u00a0\u00bb text_align=\u00a0\u00bbleft\u00a0\u00bb background_image_as_pattern=\u00a0\u00bbwithout_pattern\u00a0\u00bb background_color=\u00a0\u00bb#ffffff\u00a0\u00bb z_index=\u00a0\u00bb\u00a0\u00bb anchor=\u00a0\u00bbwelcome\u00a0\u00bb][vc_column width=\u00a0\u00bb2\/3&Prime; css=\u00a0\u00bb.vc_custom_1620908889719{background-image: url(https:\/\/www.sunalle.it\/wp-content\/uploads\/2021\/05\/0001_SuNalle-.jpg?id=15573) !important;background-position: center !important;background-repeat: no-repeat !important;background-size: cover !important;}\u00a0\u00bb][vc_empty_space height=\u00a0\u00bb480&Prime;][\/vc_column][vc_column width=\u00a0\u00bb1\/3&Prime; css=\u00a0\u00bb.vc_custom_1620910630165{padding-top: 25% !important;padding-right: 15% !important;padding-bottom: 25% !important;padding-left: 15% !important;background-color: #ffffff !important;}\u00a0\u00bb][vc_separator type=\u00a0\u00bbtransparent\u00a0\u00bb up=\u00a0\u00bb12&Prime; down=\u00a0\u00bb0&Prime;][vc_column_text]<\/p>\n<h2 style=\"text-align: left; color: #8a1002;\">LE PAIN CARASAU<\/h2>\n<p>[\/vc_column_text][vc_separator type=\u00a0\u00bbtransparent\u00a0\u00bb up=\u00a0\u00bb12&Prime; down=\u00a0\u00bb0&Prime;][vc_column_text]<\/p>\n<p style=\"text-align: left;\">Consid\u00e9r\u00e9 comme l\u2019un des plus anciens du monde, le pain Carasau est un pain typiquement sarde, originaire de la Barbagia, \u00e9galement connu sous le nom de papier \u00e0 musique.<\/p>\n<p>[\/vc_column_text][vc_separator type=\u00a0\u00bbtransparent\u00a0\u00bb up=\u00a0\u00bb41&Prime; down=\u00a0\u00bb0&Prime;]<a  itemprop=\"url\" href=\"https:\/\/www.sunalle.it\/fr\/le-pain-carasau\/\" target=\"_self\"  class=\"qbutton  default\" style=\"\">EN SAVOIR PLUS<\/a>[vc_separator type=\u00a0\u00bbtransparent\u00a0\u00bb up=\u00a0\u00bb59&Prime; down=\u00a0\u00bb0&Prime;][\/vc_column][\/vc_row][vc_row css_animation=\u00a0\u00bb\u00a0\u00bb row_type=\u00a0\u00bbrow\u00a0\u00bb use_row_as_full_screen_section=\u00a0\u00bbno\u00a0\u00bb type=\u00a0\u00bbgrid\u00a0\u00bb angled_section=\u00a0\u00bbno\u00a0\u00bb text_align=\u00a0\u00bbleft\u00a0\u00bb background_image_as_pattern=\u00a0\u00bbwithout_pattern\u00a0\u00bb padding_top=\u00a0\u00bb87&Prime; padding_bottom=\u00a0\u00bb34&Prime; background_color=\u00a0\u00bb#ffffff\u00a0\u00bb z_index=\u00a0\u00bb\u00a0\u00bb][vc_column][vc_column_text]<\/p>\n<h2 style=\"text-align: center; color: #8a1002;\">NOUS FAISONS TOUT<br \/>\nPOUR SATISFAIRE TOUT LE MONDE<\/h2>\n<p>[\/vc_column_text][vc_separator type=\u00a0\u00bbsmall\u00a0\u00bb position=\u00a0\u00bbcenter\u00a0\u00bb down=\u00a0\u00bb38&Prime; up=\u00a0\u00bb7&Prime;][vc_column_text]<\/p>\n<h4 style=\"text-align: center;\">Il est difficile de satisfaire tout le monde, mais nous essayons!<\/h4>\n<p>[\/vc_column_text][vc_separator type=\u00a0\u00bbtransparent\u00a0\u00bb up=\u00a0\u00bb35&Prime; down=\u00a0\u00bb22&Prime;][vc_single_image image=\u00a0\u00bb16869&Prime; img_size=\u00a0\u00bbfull\u00a0\u00bb alignment=\u00a0\u00bbcenter\u00a0\u00bb qode_css_animation=\u00a0\u00bbelement_from_bottom\u00a0\u00bb transition_delay=\u00a0\u00bb0.3&Prime;][vc_separator type=\u00a0\u00bbtransparent\u00a0\u00bb up=\u00a0\u00bb-35&Prime; down=\u00a0\u00bb0&Prime;][\/vc_column][\/vc_row][vc_row css_animation=\u00a0\u00bb\u00a0\u00bb row_type=\u00a0\u00bbrow\u00a0\u00bb use_row_as_full_screen_section=\u00a0\u00bbno\u00a0\u00bb type=\u00a0\u00bbfull_width\u00a0\u00bb angled_section=\u00a0\u00bbno\u00a0\u00bb text_align=\u00a0\u00bbleft\u00a0\u00bb background_image_as_pattern=\u00a0\u00bbwithout_pattern\u00a0\u00bb padding_top=\u00a0\u00bb0&Prime; padding_bottom=\u00a0\u00bb0&Prime; anchor=\u00a0\u00bbportfolio\u00a0\u00bb z_index=\u00a0\u00bb\u00a0\u00bb el_id=\u00a0\u00bbprodotti\u00a0\u00bb][vc_column width=\u00a0\u00bb1\/4&Prime;]<div class=\"q_image_with_text_over\"><div class=\"shader\" ><\/div><img decoding=\"async\" itemprop=\"image\" src=\"https:\/\/www.sunalle.it\/wp-content\/uploads\/2021\/05\/0000_Produzione.jpg\" alt=\"LES CLASSIQUES\" \/><div class=\"text\"><table><tr><td><h3 class=\"caption no_icon\" style=\"\">LES CLASSIQUES<\/h3><\/td><\/tr><\/table><table><tr><td><div class=\"desc\"><\/p>\n<h5><a style=\"color: #ffffff;\" href=\"\/i-classici\/\" target=\"_self\" rel=\"noopener\">I CLASSICI<\/a><\/h5>\n<p>Toutes les variantes du pain de la tradition, pr\u00eat \u00e0 \u00eatre servi.<\/p>\n<p><a class=\"qbutton default white\" href=\"\/i-classici\/\" target=\"_self\" rel=\"noopener\">EN SAVOIR PLUS<\/a><\/div><\/td><\/tr><\/table><\/div><\/div>[\/vc_column][vc_column width=\u00a0\u00bb1\/4&Prime; css=\u00a0\u00bb.vc_custom_1620643661034{margin: 0px !important;}\u00a0\u00bb]<div class=\"q_image_with_text_over\"><div class=\"shader\" ><\/div><img decoding=\"async\" itemprop=\"image\" src=\"https:\/\/www.sunalle.it\/wp-content\/uploads\/2021\/05\/0001_Produzione.jpg\" alt=\"BENESSERE\" \/><div class=\"text\"><table><tr><td><h3 class=\"caption no_icon\" style=\"\">BENESSERE<\/h3><\/td><\/tr><\/table><table><tr><td><div class=\"desc\"><\/p>\n<h5><a style=\"color: #ffffff;\" href=\"\/benessere\/\" target=\"_self\" rel=\"noopener\">BIEN-\u00caTRE<\/a><\/h5>\n<p>Technologie innovante et recettes traditionnelles au service de votre bien-\u00eatre.<\/p>\n<p><a class=\"qbutton default white\" href=\"\/benessere\/\" target=\"_self\" rel=\"noopener\">EN SAVOIR PLUS<\/a><\/div><\/td><\/tr><\/table><\/div><\/div>[\/vc_column][vc_column width=\u00a0\u00bb1\/4&Prime;]<div class=\"q_image_with_text_over\"><div class=\"shader\" ><\/div><img decoding=\"async\" itemprop=\"image\" src=\"https:\/\/www.sunalle.it\/wp-content\/uploads\/2021\/05\/0002_Produzione.jpg\" alt=\"GLI SNACK\" \/><div class=\"text\"><table><tr><td><h3 class=\"caption no_icon\" style=\"\">GLI SNACK<\/h3><\/td><\/tr><\/table><table><tr><td><div class=\"desc\"><\/p>\n<h5><a style=\"color: #ffffff;\" href=\"\/gli-snack\/\" target=\"_self\" rel=\"noopener\">LES SNACK<\/a><\/h5>\n<p>Le pain Guttiau est tellement savoureux qu\u2019il peut \u00eatre propos\u00e9 seul, comme un snack.<\/p>\n<p><a class=\"qbutton default white\" href=\"\/gli-snack\/\" target=\"_self\" rel=\"noopener\">EN SAVOIR PLUS<\/a><\/div><\/td><\/tr><\/table><\/div><\/div>[\/vc_column][vc_column width=\u00a0\u00bb1\/4&Prime;]<div class=\"q_image_with_text_over\"><div class=\"shader\" ><\/div><img decoding=\"async\" itemprop=\"image\" src=\"https:\/\/www.sunalle.it\/wp-content\/uploads\/2021\/05\/0003_Produzione.jpg\" alt=\"GLI SPEZIATI\" \/><div class=\"text\"><table><tr><td><h3 class=\"caption no_icon\" style=\"\">GLI SPEZIATI<\/h3><\/td><\/tr><\/table><table><tr><td><div class=\"desc\"><\/p>\n<h5><a style=\"color: #ffffff;\" href=\"\/gli-speziati\/\" target=\"_self\" rel=\"noopener\">LES \u00c9PIC\u00c9S<\/a><\/h5>\n<p>Le pain Carasau \u00e9pic\u00e9 repr\u00e9sente le bin\u00f4me parfait de tradition de la soci\u00e9t\u00e9 et son envie d\u2019innover.<\/p>\n<p><a class=\"qbutton default white\" href=\"\/gli-speziati\/\" target=\"_self\" rel=\"noopener\">EN SAVOIR PLUS<\/a><\/div><\/td><\/tr><\/table><\/div><\/div>[\/vc_column][\/vc_row][vc_row css_animation=\u00a0\u00bb\u00a0\u00bb row_type=\u00a0\u00bbrow\u00a0\u00bb use_row_as_full_screen_section=\u00a0\u00bbno\u00a0\u00bb type=\u00a0\u00bbfull_width\u00a0\u00bb angled_section=\u00a0\u00bbno\u00a0\u00bb text_align=\u00a0\u00bbleft\u00a0\u00bb background_image_as_pattern=\u00a0\u00bbwithout_pattern\u00a0\u00bb padding_top=\u00a0\u00bb0&Prime; background_color=\u00a0\u00bb#ffffff\u00a0\u00bb padding_bottom=\u00a0\u00bb0&Prime; z_index=\u00a0\u00bb\u00a0\u00bb][vc_column css_animation=\u00a0\u00bbfadeInUp\u00a0\u00bb width=\u00a0\u00bb1\/3&Prime; css=\u00a0\u00bb.vc_custom_1620910710940{padding-top: 25% !important;padding-right: 15% !important;padding-bottom: 25% !important;padding-left: 15% !important;}\u00a0\u00bb][vc_separator type=\u00a0\u00bbtransparent\u00a0\u00bb up=\u00a0\u00bb12&Prime; down=\u00a0\u00bb0&Prime;][vc_column_text]<\/p>\n<h2 style=\"text-align: left; color: #8a1002;\">UNE HISTOIRE DE FEMMES,<br \/>\nUNE ENTREPRISE FAMILIALE<\/h2>\n<p>[\/vc_column_text][vc_separator type=\u00a0\u00bbtransparent\u00a0\u00bb up=\u00a0\u00bb12&Prime; down=\u00a0\u00bb0&Prime;][vc_column_text]<\/p>\n<p style=\"text-align: left;\">\u00c0 Fonni, tout le monde conna\u00eet l&rsquo;exp\u00e9rience et le dynamisme de Sunalle, le Vieux Four.<\/p>\n<p>[\/vc_column_text][vc_separator type=\u00a0\u00bbtransparent\u00a0\u00bb up=\u00a0\u00bb41&Prime; down=\u00a0\u00bb0&Prime;]<a  itemprop=\"url\" href=\"https:\/\/www.sunalle.it\/fr\/qui-nous-sommes\/\" target=\"_self\"  class=\"qbutton  default\" style=\"\">EN SAVOIR PLUS<\/a>[vc_separator type=\u00a0\u00bbtransparent\u00a0\u00bb up=\u00a0\u00bb59&Prime; down=\u00a0\u00bb0&Prime;][\/vc_column][vc_column width=\u00a0\u00bb2\/3&Prime; css=\u00a0\u00bb.vc_custom_1622042577426{background-image: url(https:\/\/www.sunalle.it\/wp-content\/uploads\/2021\/05\/0010_SuNalle.jpg?id=15609) !important;background-position: center !important;background-repeat: no-repeat !important;background-size: cover !important;}\u00a0\u00bb][vc_empty_space height=\u00a0\u00bb480&Prime;][\/vc_column][\/vc_row][vc_row css_animation=\u00a0\u00bb\u00a0\u00bb row_type=\u00a0\u00bbrow\u00a0\u00bb use_row_as_full_screen_section=\u00a0\u00bbno\u00a0\u00bb type=\u00a0\u00bbfull_width\u00a0\u00bb angled_section=\u00a0\u00bbno\u00a0\u00bb text_align=\u00a0\u00bbleft\u00a0\u00bb background_image_as_pattern=\u00a0\u00bbwithout_pattern\u00a0\u00bb padding_top=\u00a0\u00bb52&Prime; padding_bottom=\u00a0\u00bb0&Prime; anchor=\u00a0\u00bbportfolio\u00a0\u00bb z_index=\u00a0\u00bb\u00a0\u00bb][vc_column][vc_column_text]<\/p>\n<h2 style=\"color: #8a1002; text-align: center;\">LA QUALIT\u00c9 PAS \u00c0 PAS<\/h2>\n<p>[\/vc_column_text][vc_column_text]<\/p>\n<p style=\"text-align: center;\">Comment devenir le premier d\u00e9positaire d&rsquo;une tradition mill\u00e9naire<\/p>\n<p>[\/vc_column_text][vc_empty_space]<div class=\"qode-workflow  qode-workflow-animate\">\n    <span class=\"main-line\" style=\"\"><\/span>\n    <div class=\"qode-workflow-item\">\n    <span class=\"line\" style=\"\"><\/span>\n    <div class=\"qode-workflow-item-inner \">\n        <div class=\"qode-workflow-image center\">\n            <img fetchpriority=\"high\" decoding=\"async\" width=\"1920\" height=\"700\" src=\"https:\/\/www.sunalle.it\/wp-content\/uploads\/2021\/05\/0003_SuNalle-.jpg\" class=\"attachment-full size-full\" alt=\"\" srcset=\"https:\/\/www.sunalle.it\/wp-content\/uploads\/2021\/05\/0003_SuNalle-.jpg 1920w, https:\/\/www.sunalle.it\/wp-content\/uploads\/2021\/05\/0003_SuNalle--300x109.jpg 300w, https:\/\/www.sunalle.it\/wp-content\/uploads\/2021\/05\/0003_SuNalle--1024x373.jpg 1024w, https:\/\/www.sunalle.it\/wp-content\/uploads\/2021\/05\/0003_SuNalle--768x280.jpg 768w, https:\/\/www.sunalle.it\/wp-content\/uploads\/2021\/05\/0003_SuNalle--1536x560.jpg 1536w, https:\/\/www.sunalle.it\/wp-content\/uploads\/2021\/05\/0003_SuNalle--700x255.jpg 700w\" sizes=\"(max-width: 1920px) 100vw, 1920px\" \/>        <\/div>\n        <div class=\"qode-workflow-text\">\n            <span class=\"circle\" style=\"\"><\/span>\n                            <h3>LES MATI\u00c8RES PREMI\u00c8RES<\/h3>\n                                                    <p class=\"text\">Semoule de bl\u00e9 dur, eau, sel de mer et levure de bi\u00e8re : nous choisissons seulement des fournisseurs fiables, qui r\u00e9pondent \u00e0 nos exigences de qualit\u00e9. Car l'excellence part des mati\u00e8res premi\u00e8res.<\/p>\n                    <\/div>\n    <\/div>\n<\/div><div class=\"qode-workflow-item\">\n    <span class=\"line\" style=\"\"><\/span>\n    <div class=\"qode-workflow-item-inner reverse\">\n        <div class=\"qode-workflow-image center\">\n            <img decoding=\"async\" width=\"1920\" height=\"700\" src=\"https:\/\/www.sunalle.it\/wp-content\/uploads\/2021\/05\/0012_SuNalle-.jpg\" class=\"attachment-full size-full\" alt=\"\" srcset=\"https:\/\/www.sunalle.it\/wp-content\/uploads\/2021\/05\/0012_SuNalle-.jpg 1920w, https:\/\/www.sunalle.it\/wp-content\/uploads\/2021\/05\/0012_SuNalle--300x109.jpg 300w, https:\/\/www.sunalle.it\/wp-content\/uploads\/2021\/05\/0012_SuNalle--1024x373.jpg 1024w, https:\/\/www.sunalle.it\/wp-content\/uploads\/2021\/05\/0012_SuNalle--768x280.jpg 768w, https:\/\/www.sunalle.it\/wp-content\/uploads\/2021\/05\/0012_SuNalle--1536x560.jpg 1536w, https:\/\/www.sunalle.it\/wp-content\/uploads\/2021\/05\/0012_SuNalle--700x255.jpg 700w\" sizes=\"(max-width: 1920px) 100vw, 1920px\" \/>        <\/div>\n        <div class=\"qode-workflow-text\">\n            <span class=\"circle\" style=\"\"><\/span>\n                            <h3>LA PRODUCTION<\/h3>\n                                                    <p class=\"text\">Toute la fili\u00e8re de production est soumise \u00e0 des tests constants de qualit\u00e9 et de contr\u00f4le, pour que les attentes d\u2019excellence et de s\u00e9curit\u00e9 ne soient jamais d\u00e9\u00e7ues.<\/p>\n                    <\/div>\n    <\/div>\n<\/div><div class=\"qode-workflow-item\">\n    <span class=\"line\" style=\"\"><\/span>\n    <div class=\"qode-workflow-item-inner \">\n        <div class=\"qode-workflow-image center\">\n            <img decoding=\"async\" width=\"1920\" height=\"700\" src=\"https:\/\/www.sunalle.it\/wp-content\/uploads\/2021\/05\/0016_SuNalle-.jpg\" class=\"attachment-full size-full\" alt=\"\" srcset=\"https:\/\/www.sunalle.it\/wp-content\/uploads\/2021\/05\/0016_SuNalle-.jpg 1920w, https:\/\/www.sunalle.it\/wp-content\/uploads\/2021\/05\/0016_SuNalle--300x109.jpg 300w, https:\/\/www.sunalle.it\/wp-content\/uploads\/2021\/05\/0016_SuNalle--1024x373.jpg 1024w, https:\/\/www.sunalle.it\/wp-content\/uploads\/2021\/05\/0016_SuNalle--768x280.jpg 768w, https:\/\/www.sunalle.it\/wp-content\/uploads\/2021\/05\/0016_SuNalle--1536x560.jpg 1536w, https:\/\/www.sunalle.it\/wp-content\/uploads\/2021\/05\/0016_SuNalle--700x255.jpg 700w\" sizes=\"(max-width: 1920px) 100vw, 1920px\" \/>        <\/div>\n        <div class=\"qode-workflow-text\">\n            <span class=\"circle\" style=\"\"><\/span>\n                            <h3>LES CERTIFICATIONS<\/h3>\n                                                    <p class=\"text\">Les certifications d\u00e9montrent l\u2019engagement constant de garantir aux clients un standard qualitatif de plus en plus \u00e9lev\u00e9.<\/p>\n                    <\/div>\n    <\/div>\n<\/div><\/div>[\/vc_column][\/vc_row][vc_row css_animation=\u00a0\u00bb\u00a0\u00bb row_type=\u00a0\u00bbrow\u00a0\u00bb use_row_as_full_screen_section=\u00a0\u00bbno\u00a0\u00bb type=\u00a0\u00bbfull_width\u00a0\u00bb angled_section=\u00a0\u00bbno\u00a0\u00bb text_align=\u00a0\u00bbleft\u00a0\u00bb background_image_as_pattern=\u00a0\u00bbwithout_pattern\u00a0\u00bb anchor=\u00a0\u00bbgallery\u00a0\u00bb][vc_column][vc_gallery type=\u00a0\u00bbimage_grid\u00a0\u00bb images=\u00a0\u00bb15792,15784,15772,15756,15708,15716,15728,15720&Prime; img_size=\u00a0\u00bb600&#215;600&Prime; column_number=\u00a0\u00bb4&Prime; grayscale=\u00a0\u00bbyes\u00a0\u00bb images_space=\u00a0\u00bbgallery_without_space\u00a0\u00bb][\/vc_column][\/vc_row]<\/p>\n","protected":false},"excerpt":{"rendered":"<p>[vc_row css_animation=\u00a0\u00bb\u00a0\u00bb row_type=\u00a0\u00bbrow\u00a0\u00bb use_row_as_full_screen_section=\u00a0\u00bbno\u00a0\u00bb type=\u00a0\u00bbfull_width\u00a0\u00bb angled_section=\u00a0\u00bbno\u00a0\u00bb text_align=\u00a0\u00bbleft\u00a0\u00bb background_image_as_pattern=\u00a0\u00bbwithout_pattern\u00a0\u00bb background_color=\u00a0\u00bb#ffffff\u00a0\u00bb z_index=\u00a0\u00bb\u00a0\u00bb anchor=\u00a0\u00bbwelcome\u00a0\u00bb][vc_column width=\u00a0\u00bb2\/3&Prime; css=\u00a0\u00bb.vc_custom_1620908889719{background-image: url(https:\/\/www.sunalle.it\/wp-content\/uploads\/2021\/05\/0001_SuNalle-.jpg?id=15573) !important;background-position: center !important;background-repeat: no-repeat !important;background-size: cover !important;}\u00a0\u00bb][vc_empty_space height=\u00a0\u00bb480&Prime;][\/vc_column][vc_column width=\u00a0\u00bb1\/3&Prime; css=\u00a0\u00bb.vc_custom_1620910630165{padding-top: 25% !important;padding-right: 15% !important;padding-bottom: 25% !important;padding-left: 15% !important;background-color: #ffffff !important;}\u00a0\u00bb][vc_separator type=\u00a0\u00bbtransparent\u00a0\u00bb up=\u00a0\u00bb12&Prime; down=\u00a0\u00bb0&Prime;][vc_column_text] LE PAIN CARASAU [\/vc_column_text][vc_separator type=\u00a0\u00bbtransparent\u00a0\u00bb up=\u00a0\u00bb12&Prime; down=\u00a0\u00bb0&Prime;][vc_column_text] Consid\u00e9r\u00e9&#8230;<\/p>\n","protected":false},"author":1,"featured_media":0,"parent":0,"menu_order":0,"comment_status":"open","ping_status":"open","template":"full_width.php","meta":{"footnotes":""},"class_list":["post-16157","page","type-page","status-publish","hentry"],"_links":{"self":[{"href":"https:\/\/www.sunalle.it\/fr\/wp-json\/wp\/v2\/pages\/16157","targetHints":{"allow":["GET"]}}],"collection":[{"href":"https:\/\/www.sunalle.it\/fr\/wp-json\/wp\/v2\/pages"}],"about":[{"href":"https:\/\/www.sunalle.it\/fr\/wp-json\/wp\/v2\/types\/page"}],"author":[{"embeddable":true,"href":"https:\/\/www.sunalle.it\/fr\/wp-json\/wp\/v2\/users\/1"}],"replies":[{"embeddable":true,"href":"https:\/\/www.sunalle.it\/fr\/wp-json\/wp\/v2\/comments?post=16157"}],"version-history":[{"count":6,"href":"https:\/\/www.sunalle.it\/fr\/wp-json\/wp\/v2\/pages\/16157\/revisions"}],"predecessor-version":[{"id":16912,"href":"https:\/\/www.sunalle.it\/fr\/wp-json\/wp\/v2\/pages\/16157\/revisions\/16912"}],"wp:attachment":[{"href":"https:\/\/www.sunalle.it\/fr\/wp-json\/wp\/v2\/media?parent=16157"}],"curies":[{"name":"wp","href":"https:\/\/api.w.org\/{rel}","templated":true}]}}