{"id":16117,"date":"2020-05-29T12:47:37","date_gmt":"2020-05-29T10:47:37","guid":{"rendered":"https:\/\/www.sunalle.it\/prodotti\/"},"modified":"2021-09-21T18:54:43","modified_gmt":"2021-09-21T16:54:43","slug":"produits","status":"publish","type":"page","link":"https:\/\/www.sunalle.it\/fr\/produits\/","title":{"rendered":"Produits"},"content":{"rendered":"<p>[vc_row css_animation=\u00a0\u00bb\u00a0\u00bb row_type=\u00a0\u00bbrow\u00a0\u00bb use_row_as_full_screen_section=\u00a0\u00bbno\u00a0\u00bb type=\u00a0\u00bbfull_width\u00a0\u00bb angled_section=\u00a0\u00bbno\u00a0\u00bb text_align=\u00a0\u00bbleft\u00a0\u00bb background_image_as_pattern=\u00a0\u00bbwithout_pattern\u00a0\u00bb][vc_column][vc_column_text]<\/p>\n<h2>NOUS FAISONS TOUT<br \/>\nPOUR SATISFAIRE TOUT LE MONDE<\/h2>\n<p>Il est difficile de satisfaire tout le monde, mais nous essayons ![\/vc_column_text][vc_empty_space height=\u00a0\u00bb100px\u00a0\u00bb][\/vc_column][\/vc_row][vc_row css_animation=\u00a0\u00bb\u00a0\u00bb row_type=\u00a0\u00bbrow\u00a0\u00bb use_row_as_full_screen_section=\u00a0\u00bbno\u00a0\u00bb type=\u00a0\u00bbfull_width\u00a0\u00bb angled_section=\u00a0\u00bbno\u00a0\u00bb text_align=\u00a0\u00bbleft\u00a0\u00bb background_image_as_pattern=\u00a0\u00bbwithout_pattern\u00a0\u00bb][vc_column width=\u00a0\u00bb1\/4&Prime;][vc_column_text]<\/p>\n<h3>LES CLASSIQUES<\/h3>\n<p>[\/vc_column_text][vc_empty_space height=\u00a0\u00bb30px\u00a0\u00bb][vc_column_text el_class=\u00a0\u00bbtesto-110&Prime;]Toutes les variantes<br \/>\ndu pain de la tradition,<br \/>\npr\u00eat \u00e0 \u00eatre servi.[\/vc_column_text][vc_empty_space height=\u00a0\u00bb30px\u00a0\u00bb]<a  itemprop=\"url\" href=\"\/i-classici\/\" target=\"_self\"  class=\"qbutton  default\" style=\"\">Visitez la page<\/a>[\/vc_column][vc_column width=\u00a0\u00bb1\/4&Prime;][vc_column_text]<\/p>\n<h3>BIEN-\u00caTRE<\/h3>\n<p>[\/vc_column_text][vc_empty_space height=\u00a0\u00bb30px\u00a0\u00bb][vc_column_text el_class=\u00a0\u00bbtesto-110&Prime;]Technologie innovante<br \/>\net recettes traditionnelles<br \/>\nau service de votre bien-\u00eatre.[\/vc_column_text][vc_empty_space height=\u00a0\u00bb30px\u00a0\u00bb]<a  itemprop=\"url\" href=\"\/benessere\/\" target=\"_self\"  class=\"qbutton  default\" style=\"\">Visitez la page<\/a>[\/vc_column][vc_column width=\u00a0\u00bb1\/4&Prime;][vc_column_text]<\/p>\n<h3>LES SNACK<\/h3>\n<p>[\/vc_column_text][vc_empty_space height=\u00a0\u00bb30px\u00a0\u00bb][vc_column_text el_class=\u00a0\u00bbtesto-110&Prime;]Le pain Guttiau est tellement<br \/>\nsavoureux qu\u2019il peut \u00eatre propos\u00e9<br \/>\nseul, comme un snack.[\/vc_column_text][vc_empty_space height=\u00a0\u00bb30px\u00a0\u00bb]<a  itemprop=\"url\" href=\"\/gli-snack\/\" target=\"_self\"  class=\"qbutton  default\" style=\"\">Visitez la page<\/a>[\/vc_column][vc_column width=\u00a0\u00bb1\/4&Prime;][vc_column_text]<\/p>\n<h3>LES \u00c9PIC\u00c9S<\/h3>\n<p>[\/vc_column_text][vc_empty_space height=\u00a0\u00bb30px\u00a0\u00bb][vc_column_text el_class=\u00a0\u00bbtesto-110&Prime;]Le Pain Carasau \u00e9pic\u00e9 repr\u00e9sente<br \/>\nle bin\u00f4me parfait de tradition<br \/>\nde la soci\u00e9t\u00e9 et son envie d\u2019innover.[\/vc_column_text][vc_empty_space height=\u00a0\u00bb30px\u00a0\u00bb]<a  itemprop=\"url\" href=\"\/gli-speziati\/\" target=\"_self\"  class=\"qbutton  default\" style=\"\">Visitez la page<\/a>[\/vc_column][\/vc_row]<\/p>\n","protected":false},"excerpt":{"rendered":"<p>[vc_row css_animation=\u00a0\u00bb\u00a0\u00bb row_type=\u00a0\u00bbrow\u00a0\u00bb use_row_as_full_screen_section=\u00a0\u00bbno\u00a0\u00bb type=\u00a0\u00bbfull_width\u00a0\u00bb angled_section=\u00a0\u00bbno\u00a0\u00bb text_align=\u00a0\u00bbleft\u00a0\u00bb background_image_as_pattern=\u00a0\u00bbwithout_pattern\u00a0\u00bb][vc_column][vc_column_text] NOUS FAISONS TOUT POUR SATISFAIRE TOUT LE MONDE Il est difficile de satisfaire tout le monde, mais nous essayons ![\/vc_column_text][vc_empty_space height=\u00a0\u00bb100px\u00a0\u00bb][\/vc_column][\/vc_row][vc_row css_animation=\u00a0\u00bb\u00a0\u00bb row_type=\u00a0\u00bbrow\u00a0\u00bb use_row_as_full_screen_section=\u00a0\u00bbno\u00a0\u00bb type=\u00a0\u00bbfull_width\u00a0\u00bb angled_section=\u00a0\u00bbno\u00a0\u00bb text_align=\u00a0\u00bbleft\u00a0\u00bb background_image_as_pattern=\u00a0\u00bbwithout_pattern\u00a0\u00bb][vc_column width=\u00a0\u00bb1\/4&Prime;][vc_column_text] LES CLASSIQUES [\/vc_column_text][vc_empty_space height=\u00a0\u00bb30px\u00a0\u00bb][vc_column_text el_class=\u00a0\u00bbtesto-110&Prime;]Toutes les variantes du&#8230;<\/p>\n","protected":false},"author":2,"featured_media":0,"parent":0,"menu_order":0,"comment_status":"closed","ping_status":"closed","template":"","meta":{"footnotes":""},"class_list":["post-16117","page","type-page","status-publish","hentry"],"_links":{"self":[{"href":"https:\/\/www.sunalle.it\/fr\/wp-json\/wp\/v2\/pages\/16117","targetHints":{"allow":["GET"]}}],"collection":[{"href":"https:\/\/www.sunalle.it\/fr\/wp-json\/wp\/v2\/pages"}],"about":[{"href":"https:\/\/www.sunalle.it\/fr\/wp-json\/wp\/v2\/types\/page"}],"author":[{"embeddable":true,"href":"https:\/\/www.sunalle.it\/fr\/wp-json\/wp\/v2\/users\/2"}],"replies":[{"embeddable":true,"href":"https:\/\/www.sunalle.it\/fr\/wp-json\/wp\/v2\/comments?post=16117"}],"version-history":[{"count":2,"href":"https:\/\/www.sunalle.it\/fr\/wp-json\/wp\/v2\/pages\/16117\/revisions"}],"predecessor-version":[{"id":16125,"href":"https:\/\/www.sunalle.it\/fr\/wp-json\/wp\/v2\/pages\/16117\/revisions\/16125"}],"wp:attachment":[{"href":"https:\/\/www.sunalle.it\/fr\/wp-json\/wp\/v2\/media?parent=16117"}],"curies":[{"name":"wp","href":"https:\/\/api.w.org\/{rel}","templated":true}]}}