{"id":1009,"date":"2020-06-11T10:44:22","date_gmt":"2020-06-11T08:44:22","guid":{"rendered":"https:\/\/www.sunalle.it\/certificazioni-di-sunalle\/"},"modified":"2021-09-21T17:14:19","modified_gmt":"2021-09-21T15:14:19","slug":"certifiee","status":"publish","type":"page","link":"https:\/\/www.sunalle.it\/fr\/certifiee\/","title":{"rendered":"Certifi\u00e9e"},"content":{"rendered":"<p>[vc_row css_animation=\u00a0\u00bb\u00a0\u00bb row_type=\u00a0\u00bbrow\u00a0\u00bb use_row_as_full_screen_section=\u00a0\u00bbno\u00a0\u00bb type=\u00a0\u00bbfull_width\u00a0\u00bb angled_section=\u00a0\u00bbno\u00a0\u00bb text_align=\u00a0\u00bbleft\u00a0\u00bb background_image_as_pattern=\u00a0\u00bbwithout_pattern\u00a0\u00bb][vc_column][vc_column_text]<\/p>\n<h2 style=\"color: #8a1002;\">PAIN CARASAU, QUALIT\u00c9 CERTIFI\u00c9E<\/h2>\n<p>Sunalle accorde la plus grande attention \u00e0 la qualit\u00e9 de ses produits et \u00e0 la fili\u00e8re de production, afin de r\u00e9pondre aux exigences du client et d\u2019assurer sa s\u00e9curit\u00e9. Le choix des ingr\u00e9dients et les contr\u00f4les minutieux tout au long de la fili\u00e8re de production garantissent aux consommateurs de hauts niveaux de qualit\u00e9.<\/p>\n<p>Les certifications volontaires que notre entreprise a obtenues, reconnues internationalement par des organismes ind\u00e9pendants, d\u00e9montrent l&rsquo;engagement constant \u00e0 garantir aux clients un standard de qualit\u00e9 de plus en plus \u00e9lev\u00e9.<\/p>\n<p>&nbsp;<\/p>\n<h5 style=\"color: #8a1002;\">EN SAVOIR PLUS SUR NOS CERTIFICATIONS<\/h5>\n<p>[\/vc_column_text][vc_empty_space][\/vc_column][\/vc_row][vc_row css_animation=\u00a0\u00bb\u00a0\u00bb row_type=\u00a0\u00bbrow\u00a0\u00bb use_row_as_full_screen_section=\u00a0\u00bbno\u00a0\u00bb type=\u00a0\u00bbfull_width\u00a0\u00bb angled_section=\u00a0\u00bbno\u00a0\u00bb text_align=\u00a0\u00bbleft\u00a0\u00bb background_image_as_pattern=\u00a0\u00bbwithout_pattern\u00a0\u00bb][vc_column width=\u00a0\u00bb1\/4&Prime;][vc_single_image image=\u00a0\u00bb16045&Prime; img_size=\u00a0\u00bb200&#215;134&Prime; style=\u00a0\u00bbvc_box_rounded\u00a0\u00bb onclick=\u00a0\u00bbcustom_link\u00a0\u00bb qode_css_animation=\u00a0\u00bb\u00a0\u00bb link=\u00a0\u00bb\/certificazione-biologica-sunalle\/\u00a0\u00bb][vc_column_text]<a href=\"http:\/\/www.sunalle.it\/certificazione-biologica-sunalle\/\" rel=\"noopener\">Certification Biologique<br \/>\nPain Carasau<\/a>[\/vc_column_text][\/vc_column][vc_column width=\u00a0\u00bb1\/4&Prime;][vc_single_image image=\u00a0\u00bb16054&Prime; img_size=\u00a0\u00bb200&#215;134&Prime; style=\u00a0\u00bbvc_box_rounded\u00a0\u00bb onclick=\u00a0\u00bbcustom_link\u00a0\u00bb qode_css_animation=\u00a0\u00bb\u00a0\u00bb link=\u00a0\u00bb\/certificazione-biologica-sunalle\/\u00a0\u00bb][vc_column_text]<a href=\"http:\/\/sunalle.it\/certificazione-ifs-food-standard-sunalle\/\" rel=\"noopener\">Certification IFS<br \/>\nFood Standard<\/a>[\/vc_column_text][\/vc_column][vc_column width=\u00a0\u00bb1\/4&Prime;][\/vc_column][vc_column width=\u00a0\u00bb1\/4&Prime;][\/vc_column][\/vc_row][vc_row css_animation=\u00a0\u00bb\u00a0\u00bb row_type=\u00a0\u00bbrow\u00a0\u00bb use_row_as_full_screen_section=\u00a0\u00bbno\u00a0\u00bb type=\u00a0\u00bbfull_width\u00a0\u00bb angled_section=\u00a0\u00bbno\u00a0\u00bb text_align=\u00a0\u00bbleft\u00a0\u00bb background_image_as_pattern=\u00a0\u00bbwithout_pattern\u00a0\u00bb][vc_column][vc_empty_space height=\u00a0\u00bb64px\u00a0\u00bb][\/vc_column][\/vc_row]<\/p>\n","protected":false},"excerpt":{"rendered":"<p>[vc_row css_animation=\u00a0\u00bb\u00a0\u00bb row_type=\u00a0\u00bbrow\u00a0\u00bb use_row_as_full_screen_section=\u00a0\u00bbno\u00a0\u00bb type=\u00a0\u00bbfull_width\u00a0\u00bb angled_section=\u00a0\u00bbno\u00a0\u00bb text_align=\u00a0\u00bbleft\u00a0\u00bb background_image_as_pattern=\u00a0\u00bbwithout_pattern\u00a0\u00bb][vc_column][vc_column_text] PAIN CARASAU, QUALIT\u00c9 CERTIFI\u00c9E Sunalle accorde la plus grande attention \u00e0 la qualit\u00e9 de ses produits et \u00e0 la fili\u00e8re de production, afin de r\u00e9pondre aux exigences du client et d\u2019assurer sa s\u00e9curit\u00e9. Le choix des ingr\u00e9dients&#8230;<\/p>\n","protected":false},"author":1,"featured_media":0,"parent":0,"menu_order":0,"comment_status":"closed","ping_status":"closed","template":"","meta":{"footnotes":""},"class_list":["post-1009","page","type-page","status-publish","hentry"],"_links":{"self":[{"href":"https:\/\/www.sunalle.it\/fr\/wp-json\/wp\/v2\/pages\/1009","targetHints":{"allow":["GET"]}}],"collection":[{"href":"https:\/\/www.sunalle.it\/fr\/wp-json\/wp\/v2\/pages"}],"about":[{"href":"https:\/\/www.sunalle.it\/fr\/wp-json\/wp\/v2\/types\/page"}],"author":[{"embeddable":true,"href":"https:\/\/www.sunalle.it\/fr\/wp-json\/wp\/v2\/users\/1"}],"replies":[{"embeddable":true,"href":"https:\/\/www.sunalle.it\/fr\/wp-json\/wp\/v2\/comments?post=1009"}],"version-history":[{"count":10,"href":"https:\/\/www.sunalle.it\/fr\/wp-json\/wp\/v2\/pages\/1009\/revisions"}],"predecessor-version":[{"id":16061,"href":"https:\/\/www.sunalle.it\/fr\/wp-json\/wp\/v2\/pages\/1009\/revisions\/16061"}],"wp:attachment":[{"href":"https:\/\/www.sunalle.it\/fr\/wp-json\/wp\/v2\/media?parent=1009"}],"curies":[{"name":"wp","href":"https:\/\/api.w.org\/{rel}","templated":true}]}}