{"id":976,"date":"2017-12-15T01:20:04","date_gmt":"2017-12-15T00:20:04","guid":{"rendered":"https:\/\/www.sunalle.it\/il-pane-carasau\/"},"modified":"2021-09-21T18:38:57","modified_gmt":"2021-09-21T16:38:57","slug":"das-pane-carasau","status":"publish","type":"page","link":"https:\/\/www.sunalle.it\/de\/das-pane-carasau\/","title":{"rendered":"Das Pane Carasau"},"content":{"rendered":"<p>[vc_row css_animation=&#8220;&#8220; row_type=&#8220;row&#8220; use_row_as_full_screen_section=&#8220;no&#8220; type=&#8220;grid&#8220; angled_section=&#8220;no&#8220; text_align=&#8220;left&#8220; background_image_as_pattern=&#8220;without_pattern&#8220; z_index=&#8220;&#8220; css=&#8220;.vc_custom_1620905185943{padding-top: 100px !important;padding-bottom: 100px !important;}&#8220;][vc_column css=&#8220;.vc_custom_1620904377231{background-position: center !important;background-repeat: no-repeat !important;background-size: contain !important;}&#8220;][vc_column_text]<\/p>\n<h2 style=\"color: #8a1002;\">MUSIK F\u00dcR IHREN GAUMEN: CARASAU<\/h2>\n<p>Pane Carasau gilt als eine der \u00e4ltesten Brotsorten der Welt. Dieses typisch sardische Brot stammt urspr\u00fcnglich aus der Barbagia und wird auch \u201ecarta musica\u201c genannt. Dieser Name bezieht sich auf das charakteristische Ger\u00e4usch, das das Brot macht, wenn es gebrochen und gekaut wird.<br \/>\nDas Carasau-Brot bewahrt die wahre Essenz Sardiniens. Es erz\u00e4hlt von einem schlichten, aber gastfreundlichen Volk und seiner W\u00fcrde selbst in den ungl\u00fccklichsten Momenten.<\/p>\n<p>Der Ursprung des Pane Carasau ist ebenso wie der der Nuraghen in den Nebel der Legende geh\u00fcllt, und manche glauben, dass er in arabischen L\u00e4ndern zu suchen ist.<br \/>\nSicher ist, dass die Hirten f\u00fcr die langen Zeiten, die sie fern von zu Hause verbrachten, mit diesem leichten, nahrhaften und leicht aufzubewahrenden Brot auf unbegrenzte Vorr\u00e4te dieses \u201ePrinzen der Lebensmittel\u201c z\u00e4hlen konnten.<\/p>\n<p>Das Brot wurde in allen Familien in gro\u00dfen Mengen und in festen Zeitabst\u00e4nden zubereitet und auch \u00fcber lange Zeitr\u00e4ume wie ein Schatz von unmessbarem Wert in sch\u00f6nen Truhen aufbewahrt.<br \/>\nEin Schatz, der heute mit Sunalle in seiner traditionellen Schmackhaftigkeit f\u00fcr jedermann erschwinglich ist.[\/vc_column_text][\/vc_column][\/vc_row][vc_row css_animation=&#8220;&#8220; row_type=&#8220;row&#8220; use_row_as_full_screen_section=&#8220;no&#8220; type=&#8220;full_width&#8220; angled_section=&#8220;no&#8220; text_align=&#8220;left&#8220; background_image_as_pattern=&#8220;without_pattern&#8220; z_index=&#8220;&#8220; css=&#8220;.vc_custom_1632241552440{padding-top: 100px !important;padding-bottom: 100px !important;background-image: url(https:\/\/www.sunalle.it\/wp-content\/uploads\/2021\/05\/0000_SuNalle-.jpg?id=15569) !important;}&#8220;][vc_column css=&#8220;.vc_custom_1620904377231{background-position: center !important;background-repeat: no-repeat !important;background-size: contain !important;}&#8220;][vc_empty_space height=&#8220;350&#8243;][\/vc_column][\/vc_row][vc_row css_animation=&#8220;&#8220; row_type=&#8220;row&#8220; use_row_as_full_screen_section=&#8220;no&#8220; type=&#8220;grid&#8220; angled_section=&#8220;no&#8220; text_align=&#8220;left&#8220; background_image_as_pattern=&#8220;without_pattern&#8220; z_index=&#8220;&#8220; css=&#8220;.vc_custom_1620905185943{padding-top: 100px !important;padding-bottom: 100px !important;}&#8220;][vc_column css=&#8220;.vc_custom_1620904377231{background-position: center !important;background-repeat: no-repeat !important;background-size: contain !important;}&#8220;][vc_column_text]<\/p>\n<h2 style=\"color: #8a1002;\">GENAU SO WIE FR\u00dcHER<\/h2>\n<p>&nbsp;<\/p>\n<p>Die Verarbeitung von Pane Carasau, im Dialekt \u201esa cotta\u201c genannt, gliedert sich in vier Phasen: die Zubereitung des Teigs, das Aufgehen, das Backen und die so genannte \u201eCarasatura\u201c, die dem Brot seinen Namen gibt und aus einem zweiten Backvorgang besteht, bei dem das Brot getoastet wird.<\/p>\n<p>Der Teig f\u00fcr das Carasau-Brot wird aus wenigen, einfachen Zutaten hergestellt: Hartweizendunst, Wasser, Salz und Hefe. Die Ruhephase ist wichtig, damit der Teig zum ersten Mal g\u00e4ren kann: Am Ende dieser Phase wird der Teig geschnitten, damit die erste Verarbeitung stattfinden kann. Der Teig wird nun ausgerollt und g\u00e4rt zum zweiten Mal, wonach das Halbfertigprodukt entsteht: das \u201ePane Lentu\u201c.<\/p>\n<p>Die Fladenbrote werden mit gro\u00dfer Sorgfalt getrennt und gestapelt, um im Ofen getoastet zu werden. Dank der unverf\u00e4lschten Zutaten und der besonderen Zubereitung liefert das Carasau-Brot eine hohe Energiezufuhr und eine gute Menge an Eiwei\u00df, Vitaminen und Mineralstoffen.[\/vc_column_text][\/vc_column][\/vc_row][vc_row css_animation=&#8220;&#8220; row_type=&#8220;row&#8220; use_row_as_full_screen_section=&#8220;no&#8220; type=&#8220;full_width&#8220; angled_section=&#8220;no&#8220; text_align=&#8220;left&#8220; background_image_as_pattern=&#8220;without_pattern&#8220; z_index=&#8220;&#8220; css=&#8220;.vc_custom_1620905965991{padding-top: 100px !important;padding-bottom: 100px !important;background-image: url(https:\/\/www.sunalle.it\/wp-content\/uploads\/2021\/05\/0010_SuNalle.jpg?id=15609) !important;}&#8220;][vc_column css=&#8220;.vc_custom_1620904377231{background-position: center !important;background-repeat: no-repeat !important;background-size: contain !important;}&#8220;][vc_empty_space height=&#8220;350&#8243;][\/vc_column][\/vc_row][vc_row css_animation=&#8220;&#8220; row_type=&#8220;row&#8220; use_row_as_full_screen_section=&#8220;no&#8220; type=&#8220;grid&#8220; angled_section=&#8220;no&#8220; text_align=&#8220;left&#8220; background_image_as_pattern=&#8220;without_pattern&#8220; z_index=&#8220;&#8220; css=&#8220;.vc_custom_1620905185943{padding-top: 100px !important;padding-bottom: 100px !important;}&#8220;][vc_column css=&#8220;.vc_custom_1620904377231{background-position: center !important;background-repeat: no-repeat !important;background-size: contain !important;}&#8220;][vc_column_text]<\/p>\n<h2 style=\"color: #8a1002;\">DAS MODERNSTE BROT<br \/>\nIST DAS \u00c4LTESTE BROT<\/h2>\n<p>Durch die sorgf\u00e4ltige Auswahl der Zutaten, die Verwendung alter lokaler Rezepte, das Engagement von qualifiziertem Personal und die Kontrolle des Produktionsprozesses entstehen besonders hochwertige Produkte. Die Rohstoffe werden haupts\u00e4chlich in Sardinien bei Lieferanten eingekauft, die nach strengen Hygiene- und Gesundheitsstandards ausgew\u00e4hlt werden und rigiden Qualit\u00e4tskontrollen unterliegen. Die gekonnte Verbindung von Hartweizengrie\u00df, Hefe, Salz, Wasser, \u00d6l und Gew\u00fcrzen erfolgt nach \u00fcberlieferten Methoden. Das Ergebnis? Pure Tradition. Als f\u00fchrender Hersteller von Carasau und Guttiau bietet Sunalle verschiedene Produktlinien an, um eine immer anspruchsvollere Kundschaft zu befriedigen.<\/p>\n<p>Dank der Leidenschaft, die Sunalle antreibt, der qualitativ hochwertigen Verarbeitung, der fachlichen Spezialisierung des qualifizierten Personals und der unaufh\u00f6rlichen Kontrolle des gesamten Produktionsprozesses hat das Unternehmen wichtige Zertifizierungen erhalten, die international von unabh\u00e4ngigen Stellen anerkannt werden. Die Zertifizierung f\u00fcr den IFS Food Standard und die Bio-Zertifizierung beweisen das st\u00e4ndige Bestreben, den Kunden einen immer h\u00f6heren Qualit\u00e4tsstandard zu garantieren.[\/vc_column_text][\/vc_column][\/vc_row][vc_row css_animation=&#8220;&#8220; row_type=&#8220;row&#8220; use_row_as_full_screen_section=&#8220;no&#8220; type=&#8220;full_width&#8220; angled_section=&#8220;no&#8220; text_align=&#8220;left&#8220; background_image_as_pattern=&#8220;without_pattern&#8220; z_index=&#8220;&#8220; css=&#8220;.vc_custom_1620905913506{padding-top: 100px !important;padding-bottom: 100px !important;background-image: url(https:\/\/www.sunalle.it\/wp-content\/uploads\/2021\/05\/0020_SuNalle-.jpg?id=15649) !important;}&#8220;][vc_column css=&#8220;.vc_custom_1620904377231{background-position: center !important;background-repeat: no-repeat !important;background-size: contain !important;}&#8220;][vc_empty_space height=&#8220;350&#8243;][\/vc_column][\/vc_row]<\/p>\n","protected":false},"excerpt":{"rendered":"<p>[vc_row css_animation=&#8220;&#8220; row_type=&#8220;row&#8220; use_row_as_full_screen_section=&#8220;no&#8220; type=&#8220;grid&#8220; angled_section=&#8220;no&#8220; text_align=&#8220;left&#8220; background_image_as_pattern=&#8220;without_pattern&#8220; z_index=&#8220;&#8220; css=&#8220;.vc_custom_1620905185943{padding-top: 100px !important;padding-bottom: 100px !important;}&#8220;][vc_column css=&#8220;.vc_custom_1620904377231{background-position: center !important;background-repeat: no-repeat !important;background-size: contain !important;}&#8220;][vc_column_text] MUSIK F\u00dcR IHREN GAUMEN: CARASAU Pane Carasau gilt als eine der \u00e4ltesten Brotsorten der Welt. Dieses typisch sardische Brot stammt urspr\u00fcnglich aus der Barbagia&#8230;<\/p>\n","protected":false},"author":1,"featured_media":0,"parent":0,"menu_order":0,"comment_status":"closed","ping_status":"closed","template":"full_width.php","meta":{"footnotes":""},"class_list":["post-976","page","type-page","status-publish","hentry"],"_links":{"self":[{"href":"https:\/\/www.sunalle.it\/de\/wp-json\/wp\/v2\/pages\/976","targetHints":{"allow":["GET"]}}],"collection":[{"href":"https:\/\/www.sunalle.it\/de\/wp-json\/wp\/v2\/pages"}],"about":[{"href":"https:\/\/www.sunalle.it\/de\/wp-json\/wp\/v2\/types\/page"}],"author":[{"embeddable":true,"href":"https:\/\/www.sunalle.it\/de\/wp-json\/wp\/v2\/users\/1"}],"replies":[{"embeddable":true,"href":"https:\/\/www.sunalle.it\/de\/wp-json\/wp\/v2\/comments?post=976"}],"version-history":[{"count":4,"href":"https:\/\/www.sunalle.it\/de\/wp-json\/wp\/v2\/pages\/976\/revisions"}],"predecessor-version":[{"id":16115,"href":"https:\/\/www.sunalle.it\/de\/wp-json\/wp\/v2\/pages\/976\/revisions\/16115"}],"wp:attachment":[{"href":"https:\/\/www.sunalle.it\/de\/wp-json\/wp\/v2\/media?parent=976"}],"curies":[{"name":"wp","href":"https:\/\/api.w.org\/{rel}","templated":true}]}}