{"id":16167,"date":"2014-03-28T10:11:36","date_gmt":"2014-03-28T10:11:36","guid":{"rendered":"https:\/\/www.sunalle.it\/home\/"},"modified":"2021-10-19T10:06:01","modified_gmt":"2021-10-19T08:06:01","slug":"home","status":"publish","type":"page","link":"https:\/\/www.sunalle.it\/de\/","title":{"rendered":"Home"},"content":{"rendered":"<p>[vc_row css_animation=&#8220;&#8220; row_type=&#8220;row&#8220; use_row_as_full_screen_section=&#8220;no&#8220; type=&#8220;full_width&#8220; angled_section=&#8220;no&#8220; text_align=&#8220;left&#8220; background_image_as_pattern=&#8220;without_pattern&#8220; background_color=&#8220;#ffffff&#8220; z_index=&#8220;&#8220; anchor=&#8220;welcome&#8220;][vc_column width=&#8220;2\/3&#8243; css=&#8220;.vc_custom_1620908889719{background-image: url(https:\/\/www.sunalle.it\/wp-content\/uploads\/2021\/05\/0001_SuNalle-.jpg?id=15573) !important;background-position: center !important;background-repeat: no-repeat !important;background-size: cover !important;}&#8220;][vc_empty_space height=&#8220;480&#8243;][\/vc_column][vc_column width=&#8220;1\/3&#8243; css=&#8220;.vc_custom_1620910630165{padding-top: 25% !important;padding-right: 15% !important;padding-bottom: 25% !important;padding-left: 15% !important;background-color: #ffffff !important;}&#8220;][vc_separator type=&#8220;transparent&#8220; up=&#8220;12&#8243; down=&#8220;0&#8243;][vc_column_text]<\/p>\n<h2 style=\"text-align: left; color: #8a1002;\">PANE CARASAU<\/h2>\n<p>[\/vc_column_text][vc_separator type=&#8220;transparent&#8220; up=&#8220;12&#8243; down=&#8220;0&#8243;][vc_column_text]<\/p>\n<p style=\"text-align: left;\">Pane Carasau gilt als eine der \u00e4ltesten Brotsorten der Welt. Dieses typisch sardische Brot stammt urspr\u00fcnglich aus der Barbagia und wird auch \u201ecarta musica\u201c genannt.<\/p>\n<p>[\/vc_column_text][vc_separator type=&#8220;transparent&#8220; up=&#8220;41&#8243; down=&#8220;0&#8243;]<a  itemprop=\"url\" href=\"https:\/\/www.sunalle.it\/de\/das-pane-carasau\/\" target=\"_self\"  class=\"qbutton  default\" style=\"\">MEHR DAR\u00dcBER<\/a>[vc_separator type=&#8220;transparent&#8220; up=&#8220;59&#8243; down=&#8220;0&#8243;][\/vc_column][\/vc_row][vc_row css_animation=&#8220;&#8220; row_type=&#8220;row&#8220; use_row_as_full_screen_section=&#8220;no&#8220; type=&#8220;grid&#8220; angled_section=&#8220;no&#8220; text_align=&#8220;left&#8220; background_image_as_pattern=&#8220;without_pattern&#8220; padding_top=&#8220;87&#8243; padding_bottom=&#8220;34&#8243; background_color=&#8220;#ffffff&#8220; z_index=&#8220;&#8220;][vc_column][vc_column_text]<\/p>\n<h2 style=\"text-align: center; color: #8a1002;\">4 PRODUKTLINIEN<br \/>\nF\u00dcR JEDEN GESCHMACK<\/h2>\n<p>[\/vc_column_text][vc_separator type=&#8220;small&#8220; position=&#8220;center&#8220; down=&#8220;38&#8243; up=&#8220;7&#8243;][vc_column_text]<\/p>\n<h4 style=\"text-align: center;\">Es ist nicht m\u00f6glich, es allen recht zu machen, aber wir versuchen es!<\/h4>\n<p>[\/vc_column_text][vc_separator type=&#8220;transparent&#8220; up=&#8220;35&#8243; down=&#8220;22&#8243;][vc_single_image image=&#8220;16870&#8243; img_size=&#8220;full&#8220; alignment=&#8220;center&#8220; qode_css_animation=&#8220;element_from_bottom&#8220; transition_delay=&#8220;0.3&#8243;][vc_separator type=&#8220;transparent&#8220; up=&#8220;-35&#8243; down=&#8220;0&#8243;][\/vc_column][\/vc_row][vc_row css_animation=&#8220;&#8220; row_type=&#8220;row&#8220; use_row_as_full_screen_section=&#8220;no&#8220; type=&#8220;full_width&#8220; angled_section=&#8220;no&#8220; text_align=&#8220;left&#8220; background_image_as_pattern=&#8220;without_pattern&#8220; padding_top=&#8220;0&#8243; padding_bottom=&#8220;0&#8243; anchor=&#8220;portfolio&#8220; z_index=&#8220;&#8220; el_id=&#8220;prodotti&#8220;][vc_column width=&#8220;1\/4&#8243;]<div class=\"q_image_with_text_over\"><div class=\"shader\" ><\/div><img decoding=\"async\" itemprop=\"image\" src=\"https:\/\/www.sunalle.it\/wp-content\/uploads\/2021\/05\/0000_Produzione.jpg\" alt=\"I CLASSICI\" \/><div class=\"text\"><table><tr><td><h3 class=\"caption no_icon\" style=\"\">I CLASSICI<\/h3><\/td><\/tr><\/table><table><tr><td><div class=\"desc\"><\/p>\n<h5><a style=\"color: #ffffff;\" href=\"\/i-classici\/\" target=\"_self\" rel=\"noopener\">KLASSIKER<\/a><\/h5>\n<p>Alle Varianten des traditionellen Brotes. Guten Appetit!<\/p>\n<p><a class=\"qbutton default white\" href=\"\/i-classici\/\" target=\"_self\" rel=\"noopener\">MEHR DAR\u00dcBER<\/a><\/div><\/td><\/tr><\/table><\/div><\/div>[\/vc_column][vc_column width=&#8220;1\/4&#8243; css=&#8220;.vc_custom_1620643661034{margin: 0px !important;}&#8220;]<div class=\"q_image_with_text_over\"><div class=\"shader\" ><\/div><img decoding=\"async\" itemprop=\"image\" src=\"https:\/\/www.sunalle.it\/wp-content\/uploads\/2021\/05\/0001_Produzione.jpg\" alt=\"BENESSERE\" \/><div class=\"text\"><table><tr><td><h3 class=\"caption no_icon\" style=\"\">BENESSERE<\/h3><\/td><\/tr><\/table><table><tr><td><div class=\"desc\"><\/p>\n<h5><a style=\"color: #ffffff;\" href=\"\/benessere\/\" target=\"_self\" rel=\"noopener\">WELLNESS<\/a><\/h5>\n<p>Innovative Technik und traditionelle Rezepte im Dienste Ihres Wohlbefindens.<\/p>\n<p><a class=\"qbutton default white\" href=\"\/benessere\/\" target=\"_self\" rel=\"noopener\">MEHR DAR\u00dcBER<\/a><\/div><\/td><\/tr><\/table><\/div><\/div>[\/vc_column][vc_column width=&#8220;1\/4&#8243;]<div class=\"q_image_with_text_over\"><div class=\"shader\" ><\/div><img decoding=\"async\" itemprop=\"image\" src=\"https:\/\/www.sunalle.it\/wp-content\/uploads\/2021\/05\/0002_Produzione.jpg\" alt=\"GLI SNACK\" \/><div class=\"text\"><table><tr><td><h3 class=\"caption no_icon\" style=\"\">GLI SNACK<\/h3><\/td><\/tr><\/table><table><tr><td><div class=\"desc\"><\/p>\n<h5><a style=\"color: #ffffff;\" href=\"\/gli-snack\/\" target=\"_self\" rel=\"noopener\">F\u00dcR ZWISCHENDURCH<\/a><\/h5>\n<p>Pane Guttiau ist ein leckerer Snack f\u00fcr zwischendurch.<\/p>\n<p><a class=\"qbutton default white\" href=\"\/gli-snack\/\" target=\"_self\" rel=\"noopener\">MEHR DAR\u00dcBER<\/a><\/div><\/td><\/tr><\/table><\/div><\/div>[\/vc_column][vc_column width=&#8220;1\/4&#8243;]<div class=\"q_image_with_text_over\"><div class=\"shader\" ><\/div><img decoding=\"async\" itemprop=\"image\" src=\"https:\/\/www.sunalle.it\/wp-content\/uploads\/2021\/05\/0003_Produzione.jpg\" alt=\"GLI SPEZIATI\" \/><div class=\"text\"><table><tr><td><h3 class=\"caption no_icon\" style=\"\">GLI SPEZIATI<\/h3><\/td><\/tr><\/table><table><tr><td><div class=\"desc\"><\/p>\n<h5><a style=\"color: #ffffff;\" href=\"\/gli-speziati\/\" target=\"_self\" rel=\"noopener\">DIE W\u00dcRZIGEN<\/a><\/h5>\n<p>Gew\u00fcrztes Carasau-Brot ist eine hervorragende Kombination aus der Tradition des Unternehmens und seinem Wunsch nach Innovation.<\/p>\n<p><a class=\"qbutton default white\" href=\"\/gli-speziati\/\" target=\"_self\" rel=\"noopener\">MEHR DAR\u00dcBER<\/a><\/div><\/td><\/tr><\/table><\/div><\/div>[\/vc_column][\/vc_row][vc_row css_animation=&#8220;&#8220; row_type=&#8220;row&#8220; use_row_as_full_screen_section=&#8220;no&#8220; type=&#8220;full_width&#8220; angled_section=&#8220;no&#8220; text_align=&#8220;left&#8220; background_image_as_pattern=&#8220;without_pattern&#8220; padding_top=&#8220;0&#8243; background_color=&#8220;#ffffff&#8220; padding_bottom=&#8220;0&#8243; z_index=&#8220;&#8220;][vc_column css_animation=&#8220;fadeInUp&#8220; width=&#8220;1\/3&#8243; css=&#8220;.vc_custom_1620910710940{padding-top: 25% !important;padding-right: 15% !important;padding-bottom: 25% !important;padding-left: 15% !important;}&#8220;][vc_separator type=&#8220;transparent&#8220; up=&#8220;12&#8243; down=&#8220;0&#8243;][vc_column_text]<\/p>\n<h2 style=\"text-align: left; color: #8a1002;\">EIN FAMILIENUNTERNEHMEN,<br \/>\nIN DEM FRAUEN DIE GESCHICHTE SCHREIBEN<\/h2>\n<p>[\/vc_column_text][vc_separator type=&#8220;transparent&#8220; up=&#8220;12&#8243; down=&#8220;0&#8243;][vc_column_text]<\/p>\n<p style=\"text-align: left;\">Jeder in Fonni kennt die erfahrene, alteingesessene B\u00e4ckerei Sunalle und ihr dynamisches Wesen<\/p>\n<p>[\/vc_column_text][vc_separator type=&#8220;transparent&#8220; up=&#8220;41&#8243; down=&#8220;0&#8243;]<a  itemprop=\"url\" href=\"https:\/\/www.sunalle.it\/de\/ueber-uns\/\" target=\"_self\"  class=\"qbutton  default\" style=\"\">MEHR DAR\u00dcBER<\/a>[vc_separator type=&#8220;transparent&#8220; up=&#8220;59&#8243; down=&#8220;0&#8243;][\/vc_column][vc_column width=&#8220;2\/3&#8243; css=&#8220;.vc_custom_1622042577426{background-image: url(https:\/\/www.sunalle.it\/wp-content\/uploads\/2021\/05\/0010_SuNalle.jpg?id=15609) !important;background-position: center !important;background-repeat: no-repeat !important;background-size: cover !important;}&#8220;][vc_empty_space height=&#8220;480&#8243;][\/vc_column][\/vc_row][vc_row css_animation=&#8220;&#8220; row_type=&#8220;row&#8220; use_row_as_full_screen_section=&#8220;no&#8220; type=&#8220;full_width&#8220; angled_section=&#8220;no&#8220; text_align=&#8220;left&#8220; background_image_as_pattern=&#8220;without_pattern&#8220; padding_top=&#8220;52&#8243; padding_bottom=&#8220;0&#8243; anchor=&#8220;portfolio&#8220; z_index=&#8220;&#8220;][vc_column][vc_column_text]<\/p>\n<h2 style=\"color: #8a1002; text-align: center;\">QUALIT\u00c4T SCHRITT F\u00dcR SCHRITT<\/h2>\n<p>[\/vc_column_text][vc_column_text]<\/p>\n<p style=\"text-align: center;\">Wie man zum ersten Bewahrer einer tausendj\u00e4hrigen Tradition wird.<\/p>\n<p>[\/vc_column_text][vc_empty_space]<div class=\"qode-workflow  qode-workflow-animate\">\n    <span class=\"main-line\" style=\"\"><\/span>\n    <div class=\"qode-workflow-item\">\n    <span class=\"line\" style=\"\"><\/span>\n    <div class=\"qode-workflow-item-inner \">\n        <div class=\"qode-workflow-image center\">\n            <img fetchpriority=\"high\" decoding=\"async\" width=\"1920\" height=\"700\" src=\"https:\/\/www.sunalle.it\/wp-content\/uploads\/2021\/05\/0003_SuNalle-.jpg\" class=\"attachment-full size-full\" alt=\"\" srcset=\"https:\/\/www.sunalle.it\/wp-content\/uploads\/2021\/05\/0003_SuNalle-.jpg 1920w, https:\/\/www.sunalle.it\/wp-content\/uploads\/2021\/05\/0003_SuNalle--300x109.jpg 300w, https:\/\/www.sunalle.it\/wp-content\/uploads\/2021\/05\/0003_SuNalle--1024x373.jpg 1024w, https:\/\/www.sunalle.it\/wp-content\/uploads\/2021\/05\/0003_SuNalle--768x280.jpg 768w, https:\/\/www.sunalle.it\/wp-content\/uploads\/2021\/05\/0003_SuNalle--1536x560.jpg 1536w, https:\/\/www.sunalle.it\/wp-content\/uploads\/2021\/05\/0003_SuNalle--700x255.jpg 700w\" sizes=\"(max-width: 1920px) 100vw, 1920px\" \/>        <\/div>\n        <div class=\"qode-workflow-text\">\n            <span class=\"circle\" style=\"\"><\/span>\n                            <h3>ROHSTOFFE<\/h3>\n                                                    <p class=\"text\">Hartweizengrie\u00df, Wasser, Meersalz und Bierhefe: Wir w\u00e4hlen nur vertrauensw\u00fcrdige Lieferanten, die unsere Qualit\u00e4tsanforderungen erf\u00fcllen. Denn Exzellenz beginnt bei den Rohstoffen.<\/p>\n                    <\/div>\n    <\/div>\n<\/div><div class=\"qode-workflow-item\">\n    <span class=\"line\" style=\"\"><\/span>\n    <div class=\"qode-workflow-item-inner reverse\">\n        <div class=\"qode-workflow-image center\">\n            <img decoding=\"async\" width=\"1920\" height=\"700\" src=\"https:\/\/www.sunalle.it\/wp-content\/uploads\/2021\/05\/0012_SuNalle-.jpg\" class=\"attachment-full size-full\" alt=\"\" srcset=\"https:\/\/www.sunalle.it\/wp-content\/uploads\/2021\/05\/0012_SuNalle-.jpg 1920w, https:\/\/www.sunalle.it\/wp-content\/uploads\/2021\/05\/0012_SuNalle--300x109.jpg 300w, https:\/\/www.sunalle.it\/wp-content\/uploads\/2021\/05\/0012_SuNalle--1024x373.jpg 1024w, https:\/\/www.sunalle.it\/wp-content\/uploads\/2021\/05\/0012_SuNalle--768x280.jpg 768w, https:\/\/www.sunalle.it\/wp-content\/uploads\/2021\/05\/0012_SuNalle--1536x560.jpg 1536w, https:\/\/www.sunalle.it\/wp-content\/uploads\/2021\/05\/0012_SuNalle--700x255.jpg 700w\" sizes=\"(max-width: 1920px) 100vw, 1920px\" \/>        <\/div>\n        <div class=\"qode-workflow-text\">\n            <span class=\"circle\" style=\"\"><\/span>\n                            <h3>PRODUKTION<\/h3>\n                                                    <p class=\"text\">Der gesamte Produktionsprozess wird st\u00e4ndigen Qualit\u00e4ts- und Kontrollpr\u00fcfungen unterzogen, sodass Exzellenz und Sicherheit stets gew\u00e4hrleistet sind.<\/p>\n                    <\/div>\n    <\/div>\n<\/div><div class=\"qode-workflow-item\">\n    <span class=\"line\" style=\"\"><\/span>\n    <div class=\"qode-workflow-item-inner \">\n        <div class=\"qode-workflow-image center\">\n            <img decoding=\"async\" width=\"1920\" height=\"700\" src=\"https:\/\/www.sunalle.it\/wp-content\/uploads\/2021\/05\/0016_SuNalle-.jpg\" class=\"attachment-full size-full\" alt=\"\" srcset=\"https:\/\/www.sunalle.it\/wp-content\/uploads\/2021\/05\/0016_SuNalle-.jpg 1920w, https:\/\/www.sunalle.it\/wp-content\/uploads\/2021\/05\/0016_SuNalle--300x109.jpg 300w, https:\/\/www.sunalle.it\/wp-content\/uploads\/2021\/05\/0016_SuNalle--1024x373.jpg 1024w, https:\/\/www.sunalle.it\/wp-content\/uploads\/2021\/05\/0016_SuNalle--768x280.jpg 768w, https:\/\/www.sunalle.it\/wp-content\/uploads\/2021\/05\/0016_SuNalle--1536x560.jpg 1536w, https:\/\/www.sunalle.it\/wp-content\/uploads\/2021\/05\/0016_SuNalle--700x255.jpg 700w\" sizes=\"(max-width: 1920px) 100vw, 1920px\" \/>        <\/div>\n        <div class=\"qode-workflow-text\">\n            <span class=\"circle\" style=\"\"><\/span>\n                            <h3>ZERTIFIZIERUNGEN<\/h3>\n                                                    <p class=\"text\">Die Zertifizierungen bezeugen unser st\u00e4ndiges Bestreben, den Kunden einen immer h\u00f6heren Qualit\u00e4tsstandard zu garantieren.<\/p>\n                    <\/div>\n    <\/div>\n<\/div><\/div>[\/vc_column][\/vc_row][vc_row css_animation=&#8220;&#8220; row_type=&#8220;row&#8220; use_row_as_full_screen_section=&#8220;no&#8220; type=&#8220;full_width&#8220; angled_section=&#8220;no&#8220; text_align=&#8220;left&#8220; background_image_as_pattern=&#8220;without_pattern&#8220; anchor=&#8220;gallery&#8220;][vc_column][vc_gallery type=&#8220;image_grid&#8220; images=&#8220;15792,15784,15772,15756,15708,15716,15728,15720&#8243; img_size=&#8220;600&#215;600&#8243; column_number=&#8220;4&#8243; grayscale=&#8220;yes&#8220; images_space=&#8220;gallery_without_space&#8220;][\/vc_column][\/vc_row]<\/p>\n","protected":false},"excerpt":{"rendered":"<p>[vc_row css_animation=&#8220;&#8220; row_type=&#8220;row&#8220; use_row_as_full_screen_section=&#8220;no&#8220; type=&#8220;full_width&#8220; angled_section=&#8220;no&#8220; text_align=&#8220;left&#8220; background_image_as_pattern=&#8220;without_pattern&#8220; background_color=&#8220;#ffffff&#8220; z_index=&#8220;&#8220; anchor=&#8220;welcome&#8220;][vc_column width=&#8220;2\/3&#8243; css=&#8220;.vc_custom_1620908889719{background-image: url(https:\/\/www.sunalle.it\/wp-content\/uploads\/2021\/05\/0001_SuNalle-.jpg?id=15573) !important;background-position: center !important;background-repeat: no-repeat !important;background-size: cover !important;}&#8220;][vc_empty_space height=&#8220;480&#8243;][\/vc_column][vc_column width=&#8220;1\/3&#8243; css=&#8220;.vc_custom_1620910630165{padding-top: 25% !important;padding-right: 15% !important;padding-bottom: 25% !important;padding-left: 15% !important;background-color: #ffffff !important;}&#8220;][vc_separator type=&#8220;transparent&#8220; up=&#8220;12&#8243; down=&#8220;0&#8243;][vc_column_text] PANE CARASAU [\/vc_column_text][vc_separator type=&#8220;transparent&#8220; up=&#8220;12&#8243; down=&#8220;0&#8243;][vc_column_text] Pane Carasau&#8230;<\/p>\n","protected":false},"author":1,"featured_media":0,"parent":0,"menu_order":0,"comment_status":"open","ping_status":"open","template":"full_width.php","meta":{"footnotes":""},"class_list":["post-16167","page","type-page","status-publish","hentry"],"_links":{"self":[{"href":"https:\/\/www.sunalle.it\/de\/wp-json\/wp\/v2\/pages\/16167","targetHints":{"allow":["GET"]}}],"collection":[{"href":"https:\/\/www.sunalle.it\/de\/wp-json\/wp\/v2\/pages"}],"about":[{"href":"https:\/\/www.sunalle.it\/de\/wp-json\/wp\/v2\/types\/page"}],"author":[{"embeddable":true,"href":"https:\/\/www.sunalle.it\/de\/wp-json\/wp\/v2\/users\/1"}],"replies":[{"embeddable":true,"href":"https:\/\/www.sunalle.it\/de\/wp-json\/wp\/v2\/comments?post=16167"}],"version-history":[{"count":2,"href":"https:\/\/www.sunalle.it\/de\/wp-json\/wp\/v2\/pages\/16167\/revisions"}],"predecessor-version":[{"id":16913,"href":"https:\/\/www.sunalle.it\/de\/wp-json\/wp\/v2\/pages\/16167\/revisions\/16913"}],"wp:attachment":[{"href":"https:\/\/www.sunalle.it\/de\/wp-json\/wp\/v2\/media?parent=16167"}],"curies":[{"name":"wp","href":"https:\/\/api.w.org\/{rel}","templated":true}]}}