{"id":16133,"date":"2020-06-17T11:23:56","date_gmt":"2020-06-17T09:23:56","guid":{"rendered":"https:\/\/www.sunalle.it\/produkte\/for-restaurant\/"},"modified":"2021-10-18T12:47:02","modified_gmt":"2021-10-18T10:47:02","slug":"gastronomie","status":"publish","type":"page","link":"https:\/\/www.sunalle.it\/de\/produkte\/gastronomie\/","title":{"rendered":"Gastronomie"},"content":{"rendered":"<p>[vc_row css_animation=&#8220;&#8220; row_type=&#8220;row&#8220; use_row_as_full_screen_section=&#8220;no&#8220; type=&#8220;grid&#8220; angled_section=&#8220;no&#8220; text_align=&#8220;left&#8220; background_image_as_pattern=&#8220;without_pattern&#8220; z_index=&#8220;&#8220; css=&#8220;.vc_custom_1620905185943{padding-top: 100px !important;padding-bottom: 100px !important;}&#8220;][vc_column css=&#8220;.vc_custom_1620904377231{background-position: center !important;background-repeat: no-repeat !important;background-size: contain !important;}&#8220;][vc_column_text]<\/p>\n<h2 style=\"color: #8a1002;\">PANE CARASAU<br \/>\nF\u00dcR DIE GASTRONOMIE<\/h2>\n<p>Die traditionellen Rezepte und die Suche nach den besten und sorgf\u00e4ltig ausgew\u00e4hlten Zutaten in einer kurzen Lieferkette erm\u00f6glichen es uns, kombiniert mit kontinuierlicher Forschung und Innovation des Produktionsprozesses, gro\u00dfe Produktmengen zu liefern. Unser Brot ist zudem sehr lange haltbar und beh\u00e4lt die Knusprigkeit von frisch gebackenem Brot bei.<\/p>\n<p>Unser Brot gilt als besonderer Leckerbissen und wird noch knuspriger und schmackhafter, wenn es einige Minuten im Ofen erhitzt wird, bevor es auf den Tisch kommt.<\/p>\n<p>F\u00fcr K\u00f6che ist unser Brot bei der Zubereitung traditioneller oder neu interpretierter sardischer Rezepte eine wertvolle Zutat und gilt als ausgezeichnetes Produkt, das weder zerbr\u00f6ckelt noch im Wasser zerf\u00e4llt.<\/p>\n<p>Der Geschmack Sardiniens f\u00fcr typische Gerichte, f\u00fcr Verkostungen oder einfach nur f\u00fcr das Vergn\u00fcgen, ein besonderes Brot zu w\u00e4hlen, mit dem Sie Ihren Men\u00fcvorschlag begleiten k\u00f6nnen.[\/vc_column_text][\/vc_column][\/vc_row][vc_row css_animation=&#8220;&#8220; row_type=&#8220;row&#8220; use_row_as_full_screen_section=&#8220;no&#8220; type=&#8220;full_width&#8220; angled_section=&#8220;no&#8220; text_align=&#8220;left&#8220; background_image_as_pattern=&#8220;without_pattern&#8220; z_index=&#8220;&#8220; css=&#8220;.vc_custom_1634553565508{padding-top: 250px !important;padding-bottom: 250px !important;background-image: url(https:\/\/www.sunalle.it\/wp-content\/uploads\/2021\/10\/ristorazione-sunalle-01.jpg?id=16849) !important;}&#8220;][vc_column css=&#8220;.vc_custom_1620904377231{background-position: center !important;background-repeat: no-repeat !important;background-size: contain !important;}&#8220;][vc_empty_space height=&#8220;350&#8243;][\/vc_column][\/vc_row][vc_row css_animation=&#8220;&#8220; row_type=&#8220;row&#8220; use_row_as_full_screen_section=&#8220;no&#8220; type=&#8220;grid&#8220; angled_section=&#8220;no&#8220; text_align=&#8220;left&#8220; background_image_as_pattern=&#8220;without_pattern&#8220; z_index=&#8220;&#8220; css=&#8220;.vc_custom_1620905185943{padding-top: 100px !important;padding-bottom: 100px !important;}&#8220;][vc_column css=&#8220;.vc_custom_1620904377231{background-position: center !important;background-repeat: no-repeat !important;background-size: contain !important;}&#8220;][vc_column_text]<\/p>\n<h2 style=\"color: #8a1002;\">PANE CARASAU<br \/>\nF\u00dcR JEDEN GESCHMACK<\/h2>\n<p>F\u00fcr Restaurants, aber auch f\u00fcr Bars, Pubs und Pizzerien bietet Sunalle einen umfassenden Produktkatalog.<br \/>\nUm auch jeder Anforderung gerecht werden zu k\u00f6nnen, sind die Mengen und Kombinationen ganz individuell anpassbar.<\/p>\n<p>Nehmen Sie Kontakt mit uns auf! Gerne erstellen wir Ihnen ein ma\u00dfgeschneidertes Angebot.[\/vc_column_text][\/vc_column][\/vc_row][vc_row css_animation=&#8220;&#8220; row_type=&#8220;row&#8220; use_row_as_full_screen_section=&#8220;no&#8220; type=&#8220;full_width&#8220; angled_section=&#8220;no&#8220; text_align=&#8220;left&#8220; background_image_as_pattern=&#8220;without_pattern&#8220; z_index=&#8220;&#8220; css=&#8220;.vc_custom_1634553733481{padding-top: 250px !important;padding-bottom: 250px !important;background-image: url(https:\/\/www.sunalle.it\/wp-content\/uploads\/2021\/10\/ristorazione-sunalle-02.jpg?id=16854) !important;}&#8220;][vc_column css=&#8220;.vc_custom_1620904377231{background-position: center !important;background-repeat: no-repeat !important;background-size: contain !important;}&#8220;][vc_empty_space height=&#8220;350&#8243;][\/vc_column][\/vc_row]<\/p>\n","protected":false},"excerpt":{"rendered":"<p>[vc_row css_animation=&#8220;&#8220; row_type=&#8220;row&#8220; use_row_as_full_screen_section=&#8220;no&#8220; type=&#8220;grid&#8220; angled_section=&#8220;no&#8220; text_align=&#8220;left&#8220; background_image_as_pattern=&#8220;without_pattern&#8220; z_index=&#8220;&#8220; css=&#8220;.vc_custom_1620905185943{padding-top: 100px !important;padding-bottom: 100px !important;}&#8220;][vc_column css=&#8220;.vc_custom_1620904377231{background-position: center !important;background-repeat: no-repeat !important;background-size: contain !important;}&#8220;][vc_column_text] PANE CARASAU F\u00dcR DIE GASTRONOMIE Die traditionellen Rezepte und die Suche nach den besten und sorgf\u00e4ltig ausgew\u00e4hlten Zutaten in einer kurzen Lieferkette erm\u00f6glichen es&#8230;<\/p>\n","protected":false},"author":1,"featured_media":0,"parent":16118,"menu_order":10,"comment_status":"closed","ping_status":"closed","template":"full_width.php","meta":{"footnotes":""},"class_list":["post-16133","page","type-page","status-publish","hentry"],"_links":{"self":[{"href":"https:\/\/www.sunalle.it\/de\/wp-json\/wp\/v2\/pages\/16133","targetHints":{"allow":["GET"]}}],"collection":[{"href":"https:\/\/www.sunalle.it\/de\/wp-json\/wp\/v2\/pages"}],"about":[{"href":"https:\/\/www.sunalle.it\/de\/wp-json\/wp\/v2\/types\/page"}],"author":[{"embeddable":true,"href":"https:\/\/www.sunalle.it\/de\/wp-json\/wp\/v2\/users\/1"}],"replies":[{"embeddable":true,"href":"https:\/\/www.sunalle.it\/de\/wp-json\/wp\/v2\/comments?post=16133"}],"version-history":[{"count":11,"href":"https:\/\/www.sunalle.it\/de\/wp-json\/wp\/v2\/pages\/16133\/revisions"}],"predecessor-version":[{"id":16863,"href":"https:\/\/www.sunalle.it\/de\/wp-json\/wp\/v2\/pages\/16133\/revisions\/16863"}],"up":[{"embeddable":true,"href":"https:\/\/www.sunalle.it\/de\/wp-json\/wp\/v2\/pages\/16118"}],"wp:attachment":[{"href":"https:\/\/www.sunalle.it\/de\/wp-json\/wp\/v2\/media?parent=16133"}],"curies":[{"name":"wp","href":"https:\/\/api.w.org\/{rel}","templated":true}]}}