{"id":1011,"date":"2020-06-11T10:44:22","date_gmt":"2020-06-11T08:44:22","guid":{"rendered":"https:\/\/www.sunalle.it\/certificazioni-di-sunalle\/"},"modified":"2021-09-21T17:25:33","modified_gmt":"2021-09-21T15:25:33","slug":"zertifierte","status":"publish","type":"page","link":"https:\/\/www.sunalle.it\/de\/zertifierte\/","title":{"rendered":"Zertifierte"},"content":{"rendered":"<p>[vc_row css_animation=&#8220;&#8220; row_type=&#8220;row&#8220; use_row_as_full_screen_section=&#8220;no&#8220; type=&#8220;full_width&#8220; angled_section=&#8220;no&#8220; text_align=&#8220;left&#8220; background_image_as_pattern=&#8220;without_pattern&#8220;][vc_column][vc_column_text]<\/p>\n<h2 style=\"color: #8a1002;\">PANE CARASAU, ZERTIFIZIERTE QUALIT\u00c4T<\/h2>\n<p>Sunalle legt gr\u00f6\u00dften Wert auf die Qualit\u00e4t seiner Produkte und Produktionsprozesse, um die Bed\u00fcrfnisse der Kunden zu erf\u00fcllen und deren Sicherheit zu gew\u00e4hrleisten. Die Auswahl der Zutaten und sorgf\u00e4ltigen Kontrollen w\u00e4hrend des gesamten Produktionsprozesses garantieren den Verbrauchern einen hohen Standard.<\/p>\n<p>Die Zertifizierungen, denen sich unser Unternehmen freiwillig unterzogen hat, und die international von unabh\u00e4ngigen Stellen anerkannt werden, zeigen unser st\u00e4ndiges Engagement, unseren Kunden einen immer h\u00f6heren Qualit\u00e4tsstandard zu garantieren.<\/p>\n<p>&nbsp;<\/p>\n<h5 style=\"color: #8a1002;\">ERFAHREN SIE MEHR \u00dcBER UNSERE ZERTIFIZIERUNGEN<\/h5>\n<p>[\/vc_column_text][vc_empty_space][\/vc_column][\/vc_row][vc_row css_animation=&#8220;&#8220; row_type=&#8220;row&#8220; use_row_as_full_screen_section=&#8220;no&#8220; type=&#8220;full_width&#8220; angled_section=&#8220;no&#8220; text_align=&#8220;left&#8220; background_image_as_pattern=&#8220;without_pattern&#8220;][vc_column width=&#8220;1\/4&#8243;][vc_single_image image=&#8220;16047&#8243; img_size=&#8220;200&#215;134&#8243; style=&#8220;vc_box_rounded&#8220; onclick=&#8220;custom_link&#8220; qode_css_animation=&#8220;&#8220; link=&#8220;http:\/\/sunalle.it\/certificazione-biologica-sunalle\/&#8220;][vc_column_text]<a href=\"http:\/\/sunalle.it\/certificazione-biologica-sunalle\/\" target=\"_blank\" rel=\"noopener\">Bio-Zertifizierung<br \/>\nPane Carasau<\/a>[\/vc_column_text][\/vc_column][vc_column width=&#8220;1\/4&#8243;][vc_single_image image=&#8220;16056&#8243; img_size=&#8220;200&#215;134&#8243; style=&#8220;vc_box_rounded&#8220; onclick=&#8220;custom_link&#8220; qode_css_animation=&#8220;&#8220; link=&#8220;http:\/\/sunalle.it\/certificazione-ifs-food-standard-sunalle\/&#8220;][vc_column_text]<a href=\"http:\/\/sunalle.it\/certificazione-ifs-food-standard-sunalle\/\" target=\"_blank\" rel=\"noopener\">IFS Food<br \/>\nStandard Zertifizierung<\/a>[\/vc_column_text][\/vc_column][vc_column width=&#8220;1\/4&#8243;][\/vc_column][vc_column width=&#8220;1\/4&#8243;][\/vc_column][\/vc_row]<\/p>\n","protected":false},"excerpt":{"rendered":"<p>[vc_row css_animation=&#8220;&#8220; row_type=&#8220;row&#8220; use_row_as_full_screen_section=&#8220;no&#8220; type=&#8220;full_width&#8220; angled_section=&#8220;no&#8220; text_align=&#8220;left&#8220; background_image_as_pattern=&#8220;without_pattern&#8220;][vc_column][vc_column_text] PANE CARASAU, ZERTIFIZIERTE QUALIT\u00c4T Sunalle legt gr\u00f6\u00dften Wert auf die Qualit\u00e4t seiner Produkte und Produktionsprozesse, um die Bed\u00fcrfnisse der Kunden zu erf\u00fcllen und deren Sicherheit zu gew\u00e4hrleisten. Die Auswahl der Zutaten und sorgf\u00e4ltigen Kontrollen w\u00e4hrend des gesamten&#8230;<\/p>\n","protected":false},"author":1,"featured_media":0,"parent":0,"menu_order":0,"comment_status":"closed","ping_status":"closed","template":"","meta":{"footnotes":""},"class_list":["post-1011","page","type-page","status-publish","hentry"],"_links":{"self":[{"href":"https:\/\/www.sunalle.it\/de\/wp-json\/wp\/v2\/pages\/1011","targetHints":{"allow":["GET"]}}],"collection":[{"href":"https:\/\/www.sunalle.it\/de\/wp-json\/wp\/v2\/pages"}],"about":[{"href":"https:\/\/www.sunalle.it\/de\/wp-json\/wp\/v2\/types\/page"}],"author":[{"embeddable":true,"href":"https:\/\/www.sunalle.it\/de\/wp-json\/wp\/v2\/users\/1"}],"replies":[{"embeddable":true,"href":"https:\/\/www.sunalle.it\/de\/wp-json\/wp\/v2\/comments?post=1011"}],"version-history":[{"count":5,"href":"https:\/\/www.sunalle.it\/de\/wp-json\/wp\/v2\/pages\/1011\/revisions"}],"predecessor-version":[{"id":16066,"href":"https:\/\/www.sunalle.it\/de\/wp-json\/wp\/v2\/pages\/1011\/revisions\/16066"}],"wp:attachment":[{"href":"https:\/\/www.sunalle.it\/de\/wp-json\/wp\/v2\/media?parent=1011"}],"curies":[{"name":"wp","href":"https:\/\/api.w.org\/{rel}","templated":true}]}}